{"id":635,"date":"2020-09-16T10:43:51","date_gmt":"2020-09-16T10:43:51","guid":{"rendered":"https:\/\/varandaclub.com\/site\/index.php\/home-2\/"},"modified":"2024-03-11T09:11:26","modified_gmt":"2024-03-11T12:11:26","slug":"home-2","status":"publish","type":"page","link":"https:\/\/varandaclub.com\/site\/","title":{"rendered":"Home"},"content":{"rendered":"\n<div class=\"wp-block-uagb-container uagb-block-d478d52e alignfull uagb-is-root-container\"><div class=\"uagb-container-inner-blocks-wrap\">\n<div class=\"wp-block-uagb-container uagb-block-edb7d651\">\n<div class=\"wp-block-uagb-image aligncenter uagb-block-a630897d wp-block-uagb-image--layout-default wp-block-uagb-image--effect-static wp-block-uagb-image--align-center\"><figure class=\"wp-block-uagb-image__figure\"><img decoding=\"async\" srcset=\"https:\/\/varandaclub.com\/site\/wp-content\/uploads\/2020\/09\/fork-free-img.png \" sizes=\"(max-width: 480px) 150px\" src=\"https:\/\/varandaclub.com\/site\/wp-content\/uploads\/2020\/09\/fork-free-img.png\" alt=\"\" class=\"uag-image-48\" width=\"57\" height=\"400\" title=\"\" loading=\"lazy\"\/><\/figure><\/div>\n<\/div>\n\n\n\n<div class=\"wp-block-uagb-container uagb-block-1aa026df\">\n<div class=\"wp-block-uagb-image aligncenter uagb-block-f551dd66 wp-block-uagb-image--layout-default wp-block-uagb-image--effect-static wp-block-uagb-image--align-center\"><figure class=\"wp-block-uagb-image__figure\"><img decoding=\"async\" srcset=\"https:\/\/varandaclub.com\/site\/wp-content\/uploads\/2020\/09\/frill-free-img.png \" sizes=\"(max-width: 480px) 150px\" src=\"https:\/\/varandaclub.com\/site\/wp-content\/uploads\/2020\/09\/frill-free-img.png\" alt=\"\" class=\"uag-image-4\" width=\"250\" height=\"27\" title=\"\" loading=\"lazy\"\/><\/figure><\/div>\n\n\n\n<div class=\"wp-block-uagb-advanced-heading uagb-block-3b5434e7\"><h1 class=\"uagb-heading-text\">Varanda Club<\/h1><\/div>\n\n\n\n<div class=\"wp-block-uagb-advanced-heading uagb-block-a869fa30\"><h3 class=\"uagb-heading-text\">Cozinha Brasileira<\/h3><\/div>\n\n\n\n<div class=\"wp-block-uagb-container uagb-block-f1b7160c\">\n<div class=\"wp-block-uagb-container uag-hide-mob uagb-block-b934fdec\">\n<div class=\"wp-block-uagb-info-box uagb-block-d9b63caa uagb-infobox__content-wrap  uagb-infobox-icon-above-title uagb-infobox-image-valign-top\"><div class=\"uagb-ifb-content\"><div class=\"uagb-ifb-title-wrap\"><\/div><div class=\"uagb-ifb-separator\"><\/div><\/div><\/div>\n<\/div>\n\n\n\n<div class=\"wp-block-uagb-container uagb-block-58cb4685\">\n<div class=\"wp-block-uagb-advanced-heading uagb-block-f1970bea\"><h3 class=\"uagb-heading-text\">Boa comida | Boas bebidas<\/h3><\/div>\n<\/div>\n\n\n\n<div class=\"wp-block-uagb-container uag-hide-mob uagb-block-bfaf065f\">\n<div class=\"wp-block-uagb-info-box uagb-block-8e47f660 uagb-infobox__content-wrap  uagb-infobox-icon-above-title uagb-infobox-image-valign-top\"><div class=\"uagb-ifb-content\"><div class=\"uagb-ifb-title-wrap\"><\/div><div class=\"uagb-ifb-separator\"><\/div><\/div><\/div>\n<\/div>\n<\/div>\n<\/div>\n\n\n\n<div class=\"wp-block-uagb-container uagb-block-1d3b72c6\">\n<div class=\"wp-block-uagb-image aligncenter uagb-block-a0301ab5 wp-block-uagb-image--layout-default wp-block-uagb-image--effect-static wp-block-uagb-image--align-center\"><figure class=\"wp-block-uagb-image__figure\"><img decoding=\"async\" srcset=\"https:\/\/varandaclub.com\/site\/wp-content\/uploads\/2020\/09\/knife-free-imge.png \" sizes=\"(max-width: 480px) 150px\" src=\"https:\/\/varandaclub.com\/site\/wp-content\/uploads\/2020\/09\/knife-free-imge.png\" alt=\"\" class=\"uag-image-9\" width=\"57\" height=\"400\" title=\"\" loading=\"lazy\"\/><\/figure><\/div>\n<\/div>\n<\/div><\/div>\n\n\n\n<div class=\"wp-block-uagb-container uagb-block-2a02ab9d alignfull uagb-is-root-container\"><div class=\"uagb-container-inner-blocks-wrap\">\n<div class=\"wp-block-uagb-container uagb-block-13025f03\">\n<div class=\"wp-block-uagb-advanced-heading uagb-block-976b2579\"><h6 class=\"uagb-heading-text\">A Varanda mais charmosa da cidade!\u200b<\/h6><\/div>\n\n\n\n<div class=\"wp-block-uagb-advanced-heading uagb-block-aaca7d89\"><h2 class=\"uagb-heading-text\">Bem vindo!<\/h2><p class=\"uagb-desc-text\">Servimos comida brasileira de qualidade desde 2018.<\/p><\/div>\n\n\n\n<div class=\"wp-block-uagb-info-box uagb-block-ca891049 uagb-infobox__content-wrap  uagb-infobox-icon-above-title uagb-infobox-image-valign-top\"><div class=\"uagb-ifb-content\"><div class=\"uagb-ifb-title-wrap\"><\/div><p class=\"uagb-ifb-desc\">Click here to change this text. Lorem ipsum dolor sit amet, consectetur adipiscing elit. Ut elit tellus, luctus nec ullamcorper mattis, pulvinar dapibus leo.<\/p><div class=\"uagb-ifb-button-wrapper wp-block-button\"><a href=\"#\" class=\"uagb-infobox-cta-link wp-block-button__link\" target=\"_self\" rel=\"noopener noreferrer\" onclick=\"return false;\" alt=\"\"><span class=\"uagb-inline-editing\">More about us<\/span><svg xmlns=\"https:\/\/www.w3.org\/2000\/svg\" viewBox=\"0 0 512 512\"><path d=\"M504.3 273.6l-112.1 104c-6.992 6.484-17.18 8.218-25.94 4.406c-8.758-3.812-14.42-12.45-14.42-21.1L351.9 288H32C14.33 288 .0002 273.7 .0002 255.1S14.33 224 32 224h319.9l0-72c0-9.547 5.66-18.19 14.42-22c8.754-3.809 18.95-2.075 25.94 4.41l112.1 104C514.6 247.9 514.6 264.1 504.3 273.6z\"><\/path><\/svg><\/a><\/div><\/div><\/div>\n<\/div>\n\n\n\n<div class=\"wp-block-uagb-container uagb-block-f80f91f8\">\n<div class=\"wp-block-uagb-image uagb-block-07557020 wp-block-uagb-image--layout-default wp-block-uagb-image--effect-static wp-block-uagb-image--align-none\"><figure class=\"wp-block-uagb-image__figure\"><img decoding=\"async\" srcset=\"https:\/\/varandaclub.com\/site\/wp-content\/uploads\/2024\/03\/IMG-20240306-WA0035-819x1024.jpg ,https:\/\/varandaclub.com\/site\/wp-content\/uploads\/2024\/03\/IMG-20240306-WA0035.jpg 780w, https:\/\/varandaclub.com\/site\/wp-content\/uploads\/2024\/03\/IMG-20240306-WA0035.jpg 360w\" sizes=\"(max-width: 480px) 150px\" src=\"https:\/\/varandaclub.com\/site\/wp-content\/uploads\/2024\/03\/IMG-20240306-WA0035-819x1024.jpg\" alt=\"\" class=\"uag-image-668\" width=\"819\" height=\"1024\" title=\"IMG-20240306-WA0035\" loading=\"lazy\"\/><\/figure><\/div>\n<\/div>\n\n\n\n<div class=\"wp-block-uagb-container uagb-block-d5396109\">\n<div class=\"wp-block-uagb-info-box uagb-block-7bce134c uagb-infobox__content-wrap  uagb-infobox-icon-above-title uagb-infobox-image-valign-top\"><div class=\"uagb-ifb-content\"><div class=\"uagb-ifb-title-wrap\"><h2 class=\"uagb-ifb-title\">Hours<\/h2><\/div><p class=\"uagb-ifb-desc\">Monday &#8211; Saturday | 9AM &#8211; 1PM<br>Saturday &#8211; Sunday | 9AM &#8211; 4AM\u200b<\/p><\/div><\/div>\n<\/div>\n<\/div><\/div>\n\n\n\n<div class=\"wp-block-uagb-container uagb-block-927c4acf alignfull uagb-is-root-container\"><div class=\"uagb-container-inner-blocks-wrap\">\n<div class=\"wp-block-uagb-image aligncenter uagb-block-bcc29fcd wp-block-uagb-image--layout-default wp-block-uagb-image--effect-static wp-block-uagb-image--align-center\"><figure class=\"wp-block-uagb-image__figure\"><img decoding=\"async\" srcset=\"https:\/\/varandaclub.com\/site\/wp-content\/uploads\/2021\/03\/parcelli.png \" sizes=\"(max-width: 480px) 150px\" src=\"https:\/\/varandaclub.com\/site\/wp-content\/uploads\/2021\/03\/parcelli.png\" alt=\"\" class=\"uag-image-264\" width=\"108\" height=\"68\" title=\"\" loading=\"lazy\"\/><\/figure><\/div>\n\n\n\n<div class=\"wp-block-uagb-advanced-heading uagb-block-8e73ec7f\"><h2 class=\"uagb-heading-text\">Menu<\/h2><p class=\"uagb-desc-text\">Ingredientes de qualidade, refei\u00e7\u00f5es saborosas\u200b<\/p><\/div>\n\n\n\n<div class=\"wp-block-uagb-advanced-heading uagb-block-ce0cc3e5\"><p class=\"uagb-heading-text\">Congue, gravida. Placeat nibh sunt semper elementum anim! Integer lectus debitis auctor. Molestias vivamus eligendi ut, cupidatat nisl iaculis etiam! Laboris aenean .\u200b<\/p><\/div>\n<\/div><\/div>\n\n\n\n<div class=\"wp-block-uagb-container uagb-block-a3faeb62 alignfull uagb-is-root-container\"><div class=\"uagb-container-inner-blocks-wrap\">\n<div class=\"wp-block-uagb-container uagb-block-66001656 alignfull uagb-is-root-container\"><div class=\"uagb-container-inner-blocks-wrap\">\n<div class=\"wp-block-uagb-container uagb-block-a4daf0e1\">\n<div class=\"wp-block-uagb-advanced-heading uagb-block-587f7431\"><h3 class=\"uagb-heading-text\">Picanha tropeiro<\/h3><p class=\"uagb-desc-text\">Picanha, cebolas caramelisadas, arroz branco, feij\u00e3o tropeiro e vinagrete  <\/p><\/div>\n\n\n\n<div class=\"wp-block-uagb-advanced-heading uagb-block-c2b80623\"><h4 class=\"uagb-heading-text\">R$82,0\/110,0<\/h4><\/div>\n<\/div>\n\n\n\n<div class=\"wp-block-uagb-container uagb-block-af5b1a09\"><\/div>\n\n\n\n<div class=\"wp-block-uagb-container uagb-block-ae107c32\">\n<div class=\"wp-block-uagb-advanced-heading uagb-block-cf439a8f\"><h3 class=\"uagb-heading-text\">Fil\u00e9 com ervas<\/h3><p class=\"uagb-desc-text\">Fil\u00e9 mignon na chapa temperado com mostarda, ervas e coberto com queijo, arroz \u00e0 piamontese e batata frita,  <\/p><\/div>\n\n\n\n<div class=\"wp-block-uagb-advanced-heading uagb-block-69274de1\"><h4 class=\"uagb-heading-text\">R$82,0\/110,0<\/h4><\/div>\n<\/div>\n<\/div><\/div>\n\n\n\n<div class=\"wp-block-uagb-container uagb-block-a5fff4eb alignfull uagb-is-root-container\"><div class=\"uagb-container-inner-blocks-wrap\">\n<div class=\"wp-block-uagb-container uagb-block-3d0582e2\"><\/div>\n\n\n\n<div class=\"wp-block-uagb-container uagb-block-2fc45f6a\">\n<div class=\"wp-block-uagb-advanced-heading uagb-block-e6377ff5\"><h3 class=\"uagb-heading-text\">Arroz de mariscos\u200b<\/h3><p class=\"uagb-desc-text\">Arroz com camar\u00e3o, lula, polvo, mexilh\u00e3o, refogado com piment\u00f5es e cebola juliete, temperos e um leve toque de a\u00e7afr\u00e3o<\/p><\/div>\n\n\n\n<div class=\"wp-block-uagb-advanced-heading uagb-block-28656c6a\"><h4 class=\"uagb-heading-text\">$80,0\/125,0<\/h4><\/div>\n<\/div>\n\n\n\n<div class=\"wp-block-uagb-container uagb-block-dbbeb950\"><\/div>\n<\/div><\/div>\n\n\n\n<div class=\"wp-block-uagb-container uagb-block-2ee7dd00 alignfull uagb-is-root-container\"><div class=\"uagb-container-inner-blocks-wrap\">\n<div class=\"wp-block-uagb-container uagb-block-e4e7fda4\">\n<div class=\"wp-block-uagb-advanced-heading uagb-block-86f0089d\"><h3 class=\"uagb-heading-text\">Chicken Italiano\u200b<\/h3><p class=\"uagb-desc-text\">Natural unpressed ham, fontina, provolone, aioli, fresh tomato<\/p><\/div>\n\n\n\n<div class=\"wp-block-uagb-advanced-heading uagb-block-e22de496\"><h4 class=\"uagb-heading-text\">$29.5<\/h4><\/div>\n<\/div>\n\n\n\n<div class=\"wp-block-uagb-container uagb-block-a52d2ea9\"><\/div>\n\n\n\n<div class=\"wp-block-uagb-container uagb-block-bd57bbe6\">\n<div class=\"wp-block-uagb-advanced-heading uagb-block-97151cd9\"><h3 class=\"uagb-heading-text\">Chicken Italiano\u200b<\/h3><p class=\"uagb-desc-text\">Our handmade meatballs baked in savory marinara with melted cheese<\/p><\/div>\n\n\n\n<div class=\"wp-block-uagb-advanced-heading uagb-block-fa9e2f7d\"><h4 class=\"uagb-heading-text\">$29.5<\/h4><\/div>\n<\/div>\n<\/div><\/div>\n\n\n\n<div class=\"wp-block-uagb-buttons uagb-buttons__outer-wrap uagb-btn__default-btn uagb-btn-tablet__default-btn uagb-btn-mobile__default-btn uagb-block-b3a5827f\"><div class=\"uagb-buttons__wrap uagb-buttons-layout-wrap\">\n<div class=\"wp-block-uagb-buttons-child uagb-buttons__outer-wrap uagb-block-201de8c5 wp-block-button is-style-outline\"><div class=\"uagb-button__wrapper\"><a class=\"uagb-buttons-repeater wp-block-button__link\" aria-label=\"\" href=\"#\" rel=\"follow noopener\" target=\"_self\"><div class=\"uagb-button__link\">Descubra o card\u00e1pio completo<\/div><span class=\"uagb-button__icon uagb-button__icon-position-after\"><svg xmlns=\"https:\/\/www.w3.org\/2000\/svg\" viewBox=\"0 0 448 512\"><path d=\"M438.6 278.6l-160 160C272.4 444.9 264.2 448 256 448s-16.38-3.125-22.62-9.375c-12.5-12.5-12.5-32.75 0-45.25L338.8 288H32C14.33 288 .0016 273.7 .0016 256S14.33 224 32 224h306.8l-105.4-105.4c-12.5-12.5-12.5-32.75 0-45.25s32.75-12.5 45.25 0l160 160C451.1 245.9 451.1 266.1 438.6 278.6z\"><\/path><\/svg><\/span><\/a><\/div><\/div>\n<\/div><\/div>\n<\/div><\/div>\n\n\n\n<div class=\"wp-block-uagb-container uagb-block-6295ab71 alignfull uagb-is-root-container\"><div class=\"uagb-container-inner-blocks-wrap\">\n<div class=\"wp-block-uagb-container uagb-block-7e448a78\">\n<div class=\"wp-block-uagb-advanced-heading uagb-block-710e8af8\"><h5 class=\"uagb-heading-text\">Good Food | Good Wine\u200b<\/h5><\/div>\n<\/div>\n\n\n\n<div class=\"wp-block-uagb-container uagb-block-441a7807\">\n<div class=\"wp-block-uagb-advanced-heading uagb-block-d4c63dce\"><h6 class=\"uagb-heading-text\">Wednesdays Means\u200b<\/h6><\/div>\n\n\n\n<div class=\"wp-block-uagb-advanced-heading uagb-block-8c9c48e9\"><h2 class=\"uagb-heading-text\">Happy Hours<\/h2><p class=\"uagb-desc-text\">Half Price Bottles of Wine and Six Tasty Lunches for $9\u200b<\/p><\/div>\n\n\n\n<div class=\"wp-block-uagb-info-box uagb-block-a4ae25fb uagb-infobox__content-wrap  uagb-infobox-icon-above-title uagb-infobox-image-valign-top\"><div class=\"uagb-ifb-content\"><div class=\"uagb-ifb-title-wrap\"><\/div><p class=\"uagb-ifb-desc\">Click here to change this text. Lorem ipsum dolor sit amet, consectetur adipiscing elit. Ut elit tellus, luctus nec ullamcorper mattis, pulvinar dapibus leo.<\/p><div class=\"uagb-ifb-button-wrapper wp-block-button\"><a href=\"#\" class=\"uagb-infobox-cta-link wp-block-button__link\" target=\"_self\" rel=\"noopener noreferrer\" onclick=\"return false;\" alt=\"\"><span class=\"uagb-inline-editing\">Discover Offer<\/span><svg xmlns=\"https:\/\/www.w3.org\/2000\/svg\" viewBox=\"0 0 512 512\"><path d=\"M504.3 273.6l-112.1 104c-6.992 6.484-17.18 8.218-25.94 4.406c-8.758-3.812-14.42-12.45-14.42-21.1L351.9 288H32C14.33 288 .0002 273.7 .0002 255.1S14.33 224 32 224h319.9l0-72c0-9.547 5.66-18.19 14.42-22c8.754-3.809 18.95-2.075 25.94 4.41l112.1 104C514.6 247.9 514.6 264.1 504.3 273.6z\"><\/path><\/svg><\/a><\/div><\/div><\/div>\n<\/div>\n<\/div><\/div>\n\n\n\n<div class=\"wp-block-uagb-container uagb-block-0ab44e3f alignfull uagb-is-root-container\"><div class=\"uagb-container-inner-blocks-wrap\">\n<div class=\"wp-block-uagb-container uagb-block-a0471dd2\">\n<div class=\"wp-block-uagb-image uagb-block-c5845cc4 wp-block-uagb-image--layout-default wp-block-uagb-image--effect-static wp-block-uagb-image--align-none\"><figure class=\"wp-block-uagb-image__figure\"><img decoding=\"async\" srcset=\"https:\/\/varandaclub.com\/site\/wp-content\/uploads\/2021\/03\/parcelli.png \" sizes=\"(max-width: 480px) 150px\" src=\"https:\/\/varandaclub.com\/site\/wp-content\/uploads\/2021\/03\/parcelli.png\" alt=\"\" class=\"uag-image-264\" width=\"108\" height=\"68\" title=\"\" loading=\"lazy\"\/><\/figure><\/div>\n\n\n\n<div class=\"wp-block-uagb-advanced-heading uagb-block-93d6d009\"><h2 class=\"uagb-heading-text\">Happy Customers!<\/h2><\/div>\n\n\n\n<div class=\"wp-block-uagb-info-box uagb-block-cac9b934 uagb-infobox__content-wrap  uagb-infobox-icon-above-title uagb-infobox-image-valign-top\"><div class=\"uagb-ifb-content\"><div class=\"uagb-ifb-image-content\"><img decoding=\"async\" src=\"https:\/\/varandaclub.com\/site\/wp-content\/uploads\/2020\/09\/pic49-free-img.png\" alt=\"\" width=\"\" height=\"0\" loading=\"lazy\"\/><\/div><div class=\"uagb-ifb-title-wrap\"><h5 class=\"uagb-ifb-title\">&#8220;Aliquip habitant ea suscipit ea varius cras habitasse ligula doloremque cepteur vehicula iste nibh, mattis assumenda massa&#8221;\u200b<\/h5><\/div><p class=\"uagb-ifb-desc\">&#8211; Shamika Smith\u200b<\/p><\/div><\/div>\n<\/div>\n\n\n\n<div class=\"wp-block-uagb-container uagb-block-7cfbf1bc\">\n<div class=\"wp-block-uagb-info-box uagb-block-87350483 uagb-infobox__content-wrap  uagb-infobox-icon-above-title uagb-infobox-image-valign-top\"><div class=\"uagb-ifb-content\"><div class=\"uagb-ifb-image-content\"><img decoding=\"async\" src=\"https:\/\/varandaclub.com\/site\/wp-content\/uploads\/2020\/09\/pic50-free-img.png\" alt=\"\" width=\"\" height=\"0\" loading=\"lazy\"\/><\/div><div class=\"uagb-ifb-title-wrap\"><h5 class=\"uagb-ifb-title\">&#8220;Aliquip habitant ea suscipit ea varius cras habitasse ligula doloremque. Fuga reprehenderit quis unde soluta.&#8221;\u200b\u200b<\/h5><\/div><p class=\"uagb-ifb-desc\">&#8211; Jose Hatts\u200b<\/p><\/div><\/div>\n\n\n\n<div class=\"wp-block-uagb-info-box uagb-block-3a3a331f uagb-infobox__content-wrap  uagb-infobox-icon-above-title uagb-infobox-image-valign-top\"><div class=\"uagb-ifb-content\"><div class=\"uagb-ifb-image-content\"><img decoding=\"async\" src=\"https:\/\/varandaclub.com\/site\/wp-content\/uploads\/2020\/09\/pic51-free-img.png\" alt=\"\" width=\"\" height=\"0\" loading=\"lazy\"\/><\/div><div class=\"uagb-ifb-title-wrap\"><h5 class=\"uagb-ifb-title\">&#8220;Aliquip habitant ea suscipit ea varius cras habitasse ligula doloremque&#8221;\u200b<\/h5><\/div><p class=\"uagb-ifb-desc\">&#8211; Monica Tata\u200b<\/p><\/div><\/div>\n\n\n\n<div class=\"wp-block-uagb-advanced-heading uagb-block-46fa8479\"><h5 class=\"uagb-heading-text\">Check Out Our Reviews\u200b<\/h5><\/div>\n\n\n\n<div class=\"wp-block-uagb-social-share uagb-social-share__outer-wrap uagb-social-share__layout-horizontal uagb-block-2190b302\">\n<div class=\"wp-block-uagb-social-share-child uagb-ss-repeater uagb-ss__wrapper uagb-block-385c2f52\"><span class=\"uagb-ss__link\" data-href=\"https:\/\/www.facebook.com\/sharer.php?u=\" tabindex=\"0\" role=\"button\" aria-label=\"facebook\"><span class=\"uagb-ss__source-wrap\"><span class=\"uagb-ss__source-icon\"><svg xmlns=\"https:\/\/www.w3.org\/2000\/svg\" viewBox=\"0 0 512 512\"><path d=\"M504 256C504 119 393 8 256 8S8 119 8 256c0 123.8 90.69 226.4 209.3 245V327.7h-63V256h63v-54.64c0-62.15 37-96.48 93.67-96.48 27.14 0 55.52 4.84 55.52 4.84v61h-31.28c-30.8 0-40.41 19.12-40.41 38.73V256h68.78l-11 71.69h-57.78V501C413.3 482.4 504 379.8 504 256z\"><\/path><\/svg><\/span><\/span><\/span><\/div>\n\n\n\n<div class=\"wp-block-uagb-social-share-child uagb-ss-repeater uagb-ss__wrapper uagb-block-e90a51a4\"><span class=\"uagb-ss__link\" data-href=\"https:\/\/twitter.com\/share?url=\" tabindex=\"0\" role=\"button\" aria-label=\"twitter\"><span class=\"uagb-ss__source-wrap\"><span class=\"uagb-ss__source-icon\"><svg xmlns=\"https:\/\/www.w3.org\/2000\/svg\" viewBox=\"0 0 448 512\"><path d=\"M400 32H48C21.5 32 0 53.5 0 80v352c0 26.5 21.5 48 48 48h352c26.5 0 48-21.5 48-48V80c0-26.5-21.5-48-48-48zm-48.9 158.8c.2 2.8 .2 5.7 .2 8.5 0 86.7-66 186.6-186.6 186.6-37.2 0-71.7-10.8-100.7-29.4 5.3 .6 10.4 .8 15.8 .8 30.7 0 58.9-10.4 81.4-28-28.8-.6-53-19.5-61.3-45.5 10.1 1.5 19.2 1.5 29.6-1.2-30-6.1-52.5-32.5-52.5-64.4v-.8c8.7 4.9 18.9 7.9 29.6 8.3a65.45 65.45 0 0 1 -29.2-54.6c0-12.2 3.2-23.4 8.9-33.1 32.3 39.8 80.8 65.8 135.2 68.6-9.3-44.5 24-80.6 64-80.6 18.9 0 35.9 7.9 47.9 20.7 14.8-2.8 29-8.3 41.6-15.8-4.9 15.2-15.2 28-28.8 36.1 13.2-1.4 26-5.1 37.8-10.2-8.9 13.1-20.1 24.7-32.9 34z\"><\/path><\/svg><\/span><\/span><\/span><\/div>\n\n\n\n<div class=\"wp-block-uagb-social-share-child uagb-ss-repeater uagb-ss__wrapper uagb-block-a0377aa7\"><span class=\"uagb-ss__link\" data-href=\"https:\/\/pinterest.com\/pin\/create\/link\/?url=\" tabindex=\"0\" role=\"button\" aria-label=\"pinterest\"><span class=\"uagb-ss__source-wrap\"><span class=\"uagb-ss__source-icon\"><svg xmlns=\"https:\/\/www.w3.org\/2000\/svg\" viewBox=\"0 0 448 512\"><path d=\"M448 80v352c0 26.5-21.5 48-48 48H154.4c9.8-16.4 22.4-40 27.4-59.3 3-11.5 15.3-58.4 15.3-58.4 8 15.3 31.4 28.2 56.3 28.2 74.1 0 127.4-68.1 127.4-152.7 0-81.1-66.2-141.8-151.4-141.8-106 0-162.2 71.1-162.2 148.6 0 36 19.2 80.8 49.8 95.1 4.7 2.2 7.1 1.2 8.2-3.3 .8-3.4 5-20.1 6.8-27.8 .6-2.5 .3-4.6-1.7-7-10.1-12.3-18.3-34.9-18.3-56 0-54.2 41-106.6 110.9-106.6 60.3 0 102.6 41.1 102.6 99.9 0 66.4-33.5 112.4-77.2 112.4-24.1 0-42.1-19.9-36.4-44.4 6.9-29.2 20.3-60.7 20.3-81.8 0-53-75.5-45.7-75.5 25 0 21.7 7.3 36.5 7.3 36.5-31.4 132.8-36.1 134.5-29.6 192.6l2.2 .8H48c-26.5 0-48-21.5-48-48V80c0-26.5 21.5-48 48-48h352c26.5 0 48 21.5 48 48z\"><\/path><\/svg><\/span><\/span><\/span><\/div>\n\n\n\n<div class=\"wp-block-uagb-social-share-child uagb-ss-repeater uagb-ss__wrapper uagb-block-14a23a32\"><span class=\"uagb-ss__link\" data-href=\"https:\/\/www.linkedin.com\/shareArticle?url=\" tabindex=\"0\" role=\"button\" aria-label=\"linkedin\"><span class=\"uagb-ss__source-wrap\"><span class=\"uagb-ss__source-icon\"><svg xmlns=\"https:\/\/www.w3.org\/2000\/svg\" viewBox=\"0 0 448 512\"><path d=\"M416 32H31.9C14.3 32 0 46.5 0 64.3v383.4C0 465.5 14.3 480 31.9 480H416c17.6 0 32-14.5 32-32.3V64.3c0-17.8-14.4-32.3-32-32.3zM135.4 416H69V202.2h66.5V416zm-33.2-243c-21.3 0-38.5-17.3-38.5-38.5S80.9 96 102.2 96c21.2 0 38.5 17.3 38.5 38.5 0 21.3-17.2 38.5-38.5 38.5zm282.1 243h-66.4V312c0-24.8-.5-56.7-34.5-56.7-34.6 0-39.9 27-39.9 54.9V416h-66.4V202.2h63.7v29.2h.9c8.9-16.8 30.6-34.5 62.9-34.5 67.2 0 79.7 44.3 79.7 101.9V416z\"><\/path><\/svg><\/span><\/span><\/span><\/div>\n<\/div>\n<\/div>\n<\/div><\/div>\n","protected":false},"excerpt":{"rendered":"<p>Varanda Club Cozinha Brasileira Boa comida | Boas bebidas A Varanda mais charmosa da cidade!\u200b Bem vindo! Servimos comida brasileira de qualidade desde 2018. Menu Ingredientes de qualidade, refei\u00e7\u00f5es saborosas\u200b Congue, gravida. Placeat nibh sunt semper elementum anim! Integer lectus debitis auctor. Molestias vivamus eligendi ut, cupidatat nisl iaculis etiam! Laboris aenean .\u200b Picanha tropeiro [&hellip;]<\/p>\n","protected":false},"author":1,"featured_media":0,"parent":0,"menu_order":0,"comment_status":"closed","ping_status":"closed","template":"","meta":{"_uag_custom_page_level_css":"","site-sidebar-layout":"no-sidebar","site-content-layout":"plain-container","ast-site-content-layout":"normal-width-container","site-content-style":"unboxed","site-sidebar-style":"unboxed","ast-global-header-display":"","ast-banner-title-visibility":"","ast-main-header-display":"","ast-hfb-above-header-display":"","ast-hfb-below-header-display":"","ast-hfb-mobile-header-display":"","site-post-title":"disabled","ast-breadcrumbs-content":"","ast-featured-img":"","footer-sml-layout":"","theme-transparent-header-meta":"default","adv-header-id-meta":"","stick-header-meta":"","header-above-stick-meta":"","header-main-stick-meta":"","header-below-stick-meta":"","astra-migrate-meta-layouts":"set","ast-page-background-enabled":"default","ast-page-background-meta":{"desktop":{"background-color":"","background-image":"","background-repeat":"repeat","background-position":"center center","background-size":"auto","background-attachment":"scroll","background-type":"","background-media":"","overlay-type":"","overlay-color":"","overlay-gradient":""},"tablet":{"background-color":"","background-image":"","background-repeat":"repeat","background-position":"center center","background-size":"auto","background-attachment":"scroll","background-type":"","background-media":"","overlay-type":"","overlay-color":"","overlay-gradient":""},"mobile":{"background-color":"","background-image":"","background-repeat":"repeat","background-position":"center center","background-size":"auto","background-attachment":"scroll","background-type":"","background-media":"","overlay-type":"","overlay-color":"","overlay-gradient":""}},"ast-content-background-meta":{"desktop":{"background-color":"var(--ast-global-color-5)","background-image":"","background-repeat":"repeat","background-position":"center center","background-size":"auto","background-attachment":"scroll","background-type":"","background-media":"","overlay-type":"","overlay-color":"","overlay-gradient":""},"tablet":{"background-color":"var(--ast-global-color-5)","background-image":"","background-repeat":"repeat","background-position":"center center","background-size":"auto","background-attachment":"scroll","background-type":"","background-media":"","overlay-type":"","overlay-color":"","overlay-gradient":""},"mobile":{"background-color":"var(--ast-global-color-5)","background-image":"","background-repeat":"repeat","background-position":"center center","background-size":"auto","background-attachment":"scroll","background-type":"","background-media":"","overlay-type":"","overlay-color":"","overlay-gradient":""}},"footnotes":""},"uagb_featured_image_src":{"full":false,"thumbnail":false,"medium":false,"medium_large":false,"large":false,"1536x1536":false,"2048x2048":false},"uagb_author_info":{"display_name":"arituc","author_link":"https:\/\/varandaclub.com\/site\/author\/arituc\/"},"uagb_comment_info":0,"uagb_excerpt":"Varanda Club Cozinha Brasileira Boa comida | Boas bebidas A Varanda mais charmosa da cidade!\u200b Bem vindo! Servimos comida brasileira de qualidade desde 2018. Menu Ingredientes de qualidade, refei\u00e7\u00f5es saborosas\u200b Congue, gravida. Placeat nibh sunt semper elementum anim! Integer lectus debitis auctor. Molestias vivamus eligendi ut, cupidatat nisl iaculis etiam! Laboris aenean .\u200b Picanha tropeiro&hellip;","_links":{"self":[{"href":"https:\/\/varandaclub.com\/site\/wp-json\/wp\/v2\/pages\/635"}],"collection":[{"href":"https:\/\/varandaclub.com\/site\/wp-json\/wp\/v2\/pages"}],"about":[{"href":"https:\/\/varandaclub.com\/site\/wp-json\/wp\/v2\/types\/page"}],"author":[{"embeddable":true,"href":"https:\/\/varandaclub.com\/site\/wp-json\/wp\/v2\/users\/1"}],"replies":[{"embeddable":true,"href":"https:\/\/varandaclub.com\/site\/wp-json\/wp\/v2\/comments?post=635"}],"version-history":[{"count":10,"href":"https:\/\/varandaclub.com\/site\/wp-json\/wp\/v2\/pages\/635\/revisions"}],"predecessor-version":[{"id":739,"href":"https:\/\/varandaclub.com\/site\/wp-json\/wp\/v2\/pages\/635\/revisions\/739"}],"wp:attachment":[{"href":"https:\/\/varandaclub.com\/site\/wp-json\/wp\/v2\/media?parent=635"}],"curies":[{"name":"wp","href":"https:\/\/api.w.org\/{rel}","templated":true}]}}